{"id":203981,"date":"2025-03-13T12:55:48","date_gmt":"2025-03-13T11:55:48","guid":{"rendered":"https:\/\/arc.tandem.ws\/?page_id=203981"},"modified":"2025-11-12T11:42:53","modified_gmt":"2025-11-12T10:42:53","slug":"after-sales-service","status":"publish","type":"page","link":"https:\/\/arctecno.com\/en\/after-sales-service\/","title":{"rendered":"After-sales service"},"content":{"rendered":"<div class=\"gb-element-39c43c51\"><div class=\"gb-container gb-container-297aefbc\"><\/div><\/div>\n\n\n\n<div>\n<div class=\"gb-element-61bcad3a\"><div class=\"gb-container gb-container-418a8285\">\n<div class=\"gb-container gb-container-f8c71b2a\">\n\n<p class=\"gb-text gb-text-f4fe09c4\">We offer specialized technical support to help our customers choose the right spare parts and resolve any technical issues that may arise.<br>We guarantee safe and fast shipments so that our customers can optimally operate their machines as soon as possible, minimizing downtime.<br><br>We proud of providing a good shopping experience with specific recommendations based on each customer's particular needs and purchase history.<br>Our customers can place orders for original spare parts by sending an e-mail to <a href=\"mailto:parts@arctecno.com\">parts@arctecno.com<\/a>.<br><br>Original spare parts will allow the machine to operate correctly and efficiently for a long period of time.<br>On the contrary, the use of non-original spare parts can affect the correct operation of the machine and its useful life.<\/p>\n\n<\/div>\n<\/div>\n\n\n<div class=\"gb-element-67f75785\">\n<div class=\"gb-element-ad50a668\" style=\"--inline-bg-image: url(https:\/\/arctecno.com\/wp-content\/uploads\/2025\/04\/servei_tecnic_arc-tecno.jpg)\"><\/div>\n<\/div>\n<\/div>\n<\/div>\n\n\n\n<div class=\"gb-element-aa711b5c\"><div class=\"gb-container gb-container-a7b2921f caixa_link\">\n<div class=\"gb-container gb-container-7958cf51\">\n\n<h3 class=\"gb-headline gb-headline-9e3a1e74\" data-aos=\"fade\" data-aos-delay=\"200\"><span class=\"gb-icon\"><svg xmlns=\"http:\/\/www.w3.org\/2000\/svg\" viewbox=\"0 0 24 24\" width=\"24\" height=\"24\"><path fill-rule=\"evenodd\" d=\"M4.75 3a1.75 1.75 0 100 3.5 1.75 1.75 0 000-3.5zM1.5 4.75a3.25 3.25 0 116.5 0 3.25 3.25 0 01-6.5 0zM4.75 17.5a1.75 1.75 0 100 3.5 1.75 1.75 0 000-3.5zM1.5 19.25a3.25 3.25 0 116.5 0 3.25 3.25 0 01-6.5 0zm17.75-1.75a1.75 1.75 0 100 3.5 1.75 1.75 0 000-3.5zM16 19.25a3.25 3.25 0 116.5 0 3.25 3.25 0 01-6.5 0z\"><\/path><path fill-rule=\"evenodd\" d=\"M4.75 7.25A.75.75 0 015.5 8v8A.75.75 0 014 16V8a.75.75 0 01.75-.75zm8.655-5.53a.75.75 0 010 1.06L12.185 4h4.065A3.75 3.75 0 0120 7.75v8.75a.75.75 0 01-1.5 0V7.75a2.25 2.25 0 00-2.25-2.25h-4.064l1.22 1.22a.75.75 0 01-1.061 1.06l-2.5-2.5a.75.75 0 010-1.06l2.5-2.5a.75.75 0 011.06 0z\"><\/path><\/svg><\/span><span class=\"gb-headline-text\">Original spare parts<\/span><\/h3>\n\n\n\n<p class=\"gb-headline gb-headline-f072e780 gb-headline-text\" data-aos=\"fade\" data-aos-delay=\"200\">The spare parts we offer are original and from reliable manufacturers.<\/p>\n\n<\/div>\n<\/div>\n\n<div class=\"gb-container gb-container-c45e3958\"><div class=\"gb-inside-container\">\n\n<h3 class=\"gb-headline gb-headline-1eff340e\" data-aos=\"fade\" data-aos-delay=\"400\"><span class=\"gb-icon\"><svg height=\"24\" width=\"24\" viewbox=\"0 0 24 24\" xmlns=\"http:\/\/www.w3.org\/2000\/svg\"><path d=\"M10 22a2 2 0 01-2-2V4a2 2 0 012-2h11a2 2 0 012 2v16a2 2 0 01-2 2H10zm-.5-2a.5.5 0 00.5.5h11a.5.5 0 00.5-.5V4a.5.5 0 00-.5-.5H10a.5.5 0 00-.5.5v16zM6.17 4.165a.75.75 0 01-.335 1.006c-.228.114-.295.177-.315.201a.037.037 0 00-.008.016.387.387 0 00-.012.112v13c0 .07.008.102.012.112a.03.03 0 00.008.016c.02.024.087.087.315.201a.75.75 0 11-.67 1.342c-.272-.136-.58-.315-.81-.598C4.1 19.259 4 18.893 4 18.5v-13c0-.393.1-.759.355-1.073.23-.283.538-.462.81-.598a.75.75 0 011.006.336zM2.15 5.624a.75.75 0 01-.274 1.025c-.15.087-.257.17-.32.245C1.5 6.96 1.5 6.99 1.5 7v10c0 .01 0 .04.056.106.063.074.17.158.32.245a.75.75 0 11-.752 1.298C.73 18.421 0 17.907 0 17V7c0-.907.73-1.42 1.124-1.65a.75.75 0 011.025.274z\" fill-rule=\"evenodd\"><\/path><\/svg><\/span><span class=\"gb-headline-text\">Maintenance contract<\/span><\/h3>\n\n\n\n<p class=\"gb-headline gb-headline-4e0d404c gb-headline-text\" data-aos=\"fade\" data-aos-delay=\"400\">We offer a personalized maintenance service according to the needs of each client.<\/p>\n\n<\/div><\/div>\n\n<div class=\"gb-container gb-container-658d6c0d\"><div class=\"gb-inside-container\">\n\n<h3 class=\"gb-headline gb-headline-9b334725\" data-aos=\"fade\" data-aos-delay=\"600\"><span class=\"gb-icon\"><svg viewbox=\"0 0 256 256\" fill=\"#000000\" height=\"24\" width=\"24\" xmlns=\"http:\/\/www.w3.org\/2000\/svg\"><path d=\"M96,72a8,8,0,0,1,8-8A104.11,104.11,0,0,1,208,168a8,8,0,0,1-16,0,88.1,88.1,0,0,0-88-88A8,8,0,0,1,96,72ZM240,192H80V32a8,8,0,0,0-16,0V64H32a8,8,0,0,0,0,16H64V200a8,8,0,0,0,8,8H240a8,8,0,0,0,0-16Z\"><\/path><\/svg><\/span><span class=\"gb-headline-text\">Remote assistance<\/span><\/h3>\n\n\n\n<p class=\"gb-headline gb-headline-424fc9b0 gb-headline-text\" data-aos=\"fade\" data-aos-delay=\"600\"><br>We provide a remote technical assistance service to the customer in relation to the purchased machine in order to solve incidents remotely in a fast and effective way.<br><br>Please do not hesitate to contact us.<\/p>\n\n<\/div><\/div>\n\n<div class=\"gb-container gb-container-6f4ddb09\"><div class=\"gb-inside-container\">\n\n<h3 class=\"gb-headline gb-headline-c07573c2\" data-aos=\"fade\" data-aos-delay=\"600\"><span class=\"gb-icon\"><svg viewbox=\"0 0 256 256\" fill=\"#000000\" height=\"24\" width=\"24\" xmlns=\"http:\/\/www.w3.org\/2000\/svg\"><path d=\"M96,72a8,8,0,0,1,8-8A104.11,104.11,0,0,1,208,168a8,8,0,0,1-16,0,88.1,88.1,0,0,0-88-88A8,8,0,0,1,96,72ZM240,192H80V32a8,8,0,0,0-16,0V64H32a8,8,0,0,0,0,16H64V200a8,8,0,0,0,8,8H240a8,8,0,0,0,0-16Z\"><\/path><\/svg><\/span><span class=\"gb-headline-text\">Modifications and complements<\/span><\/h3>\n\n\n\n<p class=\"gb-headline gb-headline-06aeedd2 gb-headline-text\" data-aos=\"fade\" data-aos-delay=\"600\"><br>Our team is designed to adapt to the evolving needs of our customers.<br>We can intervene in our customers' companies to add recipes to the machine, make changes to the machine design or add peripheral equipment.<\/p>\n\n<\/div><\/div><\/div>\n\n\n\n<div class=\"gb-element-16750a2b\">\n<div class=\"gb-element-7f1224fd\">\n<div class=\"gb-element-8b23a751\" style=\"--inline-bg-image: url(https:\/\/arctecno.com\/wp-content\/uploads\/2025\/04\/recanvis_originals_maquinaria_arc_tecno.jpg)\"><\/div>\n<\/div>\n\n\n\n<div class=\"gb-element-68613cbc\">\n<div class=\"gb-element-caae35b6\" style=\"--inline-bg-image: url(https:\/\/arctecno.com\/wp-content\/uploads\/2025\/04\/servei_tecnic_arctecno.jpg)\"><\/div>\n<\/div>\n\n\n\n<div class=\"gb-element-b744ed52\">\n<div class=\"gb-element-83210d1f\" style=\"--inline-bg-image: url(https:\/\/arctecno.com\/wp-content\/uploads\/2025\/04\/servei_postvenda.jpg)\"><\/div>\n<\/div>\n<\/div>\n\n\n\n<div class=\"gb-element-f23ee3aa\">\n<div class=\"gb-element-4e3fc657\"><div class=\"gb-container gb-container-1ec7330e\">\n\n<h3 class=\"gb-headline gb-headline-e248a63d gb-headline-text\" data-aos=\"fade\" data-aos-delay=\"250\">Customer service<\/h3>\n\n<\/div>\n\n<div class=\"gb-container gb-container-a363f5f3\">\n\n<p class=\"gb-text\"><br>We provide customer service for any questions, requests and opinions our customers may have regarding our machines and after-sales service.<br>Do not hesitate to <a href=\"https:\/\/arctecno.com\/en\/contact\/\" data-type=\"page\" data-id=\"203102\">contact us<\/a>.<\/p>\n\n<\/div><\/div>\n<\/div>","protected":false},"excerpt":{"rendered":"<p>Oferim suport t\u00e8cnic especialitzat per ajudar els nostres clients a triar els recanvis adients i resoldre qualsevol incid\u00e8ncia t\u00e8cnica que pugui sorgir.Garantim enviaments segurs i r\u00e0pids perqu\u00e8 els nostres clients puguin operar de manera \u00f2ptima les seves m\u00e0quines com m\u00e9s aviat millor, minimitzant el temps d\u2019inactivitat. Estem orgullosos d\u2019oferir una bona experi\u00e8ncia de compra amb &#8230; <a title=\"After-sales service\" class=\"read-more\" href=\"https:\/\/arctecno.com\/en\/after-sales-service\/\" aria-label=\"Read more about Servei postvenda\">Read more<\/a><\/p>","protected":false},"author":1,"featured_media":0,"parent":0,"menu_order":0,"comment_status":"closed","ping_status":"closed","template":"","meta":{"_acf_changed":false,"inline_featured_image":false,"footnotes":""},"class_list":["post-203981","page","type-page","status-publish"],"acf":[],"_links":{"self":[{"href":"https:\/\/arctecno.com\/en\/wp-json\/wp\/v2\/pages\/203981","targetHints":{"allow":["GET"]}}],"collection":[{"href":"https:\/\/arctecno.com\/en\/wp-json\/wp\/v2\/pages"}],"about":[{"href":"https:\/\/arctecno.com\/en\/wp-json\/wp\/v2\/types\/page"}],"author":[{"embeddable":true,"href":"https:\/\/arctecno.com\/en\/wp-json\/wp\/v2\/users\/1"}],"replies":[{"embeddable":true,"href":"https:\/\/arctecno.com\/en\/wp-json\/wp\/v2\/comments?post=203981"}],"version-history":[{"count":30,"href":"https:\/\/arctecno.com\/en\/wp-json\/wp\/v2\/pages\/203981\/revisions"}],"predecessor-version":[{"id":205356,"href":"https:\/\/arctecno.com\/en\/wp-json\/wp\/v2\/pages\/203981\/revisions\/205356"}],"wp:attachment":[{"href":"https:\/\/arctecno.com\/en\/wp-json\/wp\/v2\/media?parent=203981"}],"curies":[{"name":"wp","href":"https:\/\/api.w.org\/{rel}","templated":true}]}}