{"id":203769,"date":"2025-03-03T12:44:04","date_gmt":"2025-03-03T11:44:04","guid":{"rendered":"https:\/\/arc.tandem.ws\/?page_id=203769"},"modified":"2025-08-22T08:43:10","modified_gmt":"2025-08-22T06:43:10","slug":"commercial-network","status":"publish","type":"page","link":"https:\/\/arctecno.com\/en\/commercial-network\/","title":{"rendered":"Commercial network"},"content":{"rendered":"<div class=\"gb-container gb-container-e86a037d\">\n<div class=\"gb-container gb-container-20579daa\">\n<div class=\"gb-container gb-container-315d4e2b postals_comercials\">\n\n<h2 class=\"gb-text gb-text-08c9f129\">Commercial network<\/h2>\n\n\n\n<p class=\"gb-text gb-text-cbbafc54 translation-block\">At Arctecno, we work with a global network of sales agents and distributors who share our values \u200b\u200bof quality, commitment, and customer service. Thanks to them, our products reach customers around the world.\nWhat will you find here? Direct contact information, regions or countries covered, available languages, and the specialization of the agent or distributor.<\/p>\n\n<\/div>\n\n<div class=\"gb-container gb-container-f9f4f2f7\">\n<div class=\"gb-container gb-container-fda3a6f8 carousel_logos\">\n<div class=\"logos wp-block-tandem-post-carousel\" data-slick=\"{&quot;adaptiveHeight&quot;:true,&quot;autoplay&quot;:false,&quot;autoplaySpeed&quot;:3000,&quot;arrows&quot;:true,&quot;centerMode&quot;:false,&quot;dots&quot;:false,&quot;infinite&quot;:true,&quot;initialSlide&quot;:3,&quot;pauseOnFocus&quot;:false,&quot;pauseOnHover&quot;:false,&quot;pauseOnDotsHover&quot;:false,&quot;slidesToShow&quot;:3,&quot;slidesToScroll&quot;:1,&quot;variableWidth&quot;:false,&quot;responsive&quot;:[{&quot;breakpoint&quot;:1024,&quot;settings&quot;:{&quot;slidesToShow&quot;:2,&quot;slidesToScroll&quot;:1}},{&quot;breakpoint&quot;:600,&quot;settings&quot;:{&quot;slidesToShow&quot;:1,&quot;slidesToScroll&quot;:1}}]}\"><div class=\"wp-block-tandem-post-carousel__slide\">\n<div class=\"gb-element-dd71b7b3\">\t<img decoding=\"async\" src=\"https:\/\/arctecno.com\/wp-content\/uploads\/2025\/10\/Promatec-Logo.png\" alt=\"\" \/>\n\n\n<\/div>\n<\/div><div class=\"wp-block-tandem-post-carousel__slide\">\n<div class=\"gb-element-dd71b7b3\">\t<img decoding=\"async\" src=\"https:\/\/arctecno.com\/wp-content\/uploads\/2025\/08\/FOODLINE-SYSTEM-LOGO.png\" alt=\"\" \/>\n\n\n<\/div>\n<\/div><div class=\"wp-block-tandem-post-carousel__slide\">\n<div class=\"gb-element-dd71b7b3\">\t<img decoding=\"async\" src=\"https:\/\/arctecno.com\/wp-content\/uploads\/2025\/08\/INOPACK-CZECH-REPUBLIC-SRO-LOGO.png\" alt=\"\" \/>\n\n\n<\/div>\n<\/div><div class=\"wp-block-tandem-post-carousel__slide\">\n<div class=\"gb-element-dd71b7b3\">\t<img decoding=\"async\" src=\"https:\/\/arctecno.com\/wp-content\/uploads\/2025\/08\/SYSMATEC-BV-LOGO.png\" alt=\"\" \/>\n\n\n<\/div>\n<\/div><div class=\"wp-block-tandem-post-carousel__slide\">\n<div class=\"gb-element-dd71b7b3\">\t<img decoding=\"async\" src=\"https:\/\/arctecno.com\/wp-content\/uploads\/2025\/08\/PROJECT-FOOD-KFT-LOGO.png\" alt=\"\" \/>\n\n\n<\/div>\n<\/div><div class=\"wp-block-tandem-post-carousel__slide\">\n<div class=\"gb-element-dd71b7b3\">\t<img decoding=\"async\" src=\"https:\/\/arctecno.com\/wp-content\/uploads\/2025\/08\/SVENSK-CHARKSUPPORTEN-AB-LOGO.png\" alt=\"\" \/>\n\n\n<\/div>\n<\/div><div class=\"wp-block-tandem-post-carousel__slide\">\n<div class=\"gb-element-dd71b7b3\">\t<img decoding=\"async\" src=\"https:\/\/arctecno.com\/wp-content\/uploads\/2025\/08\/TECHFORUM-LOGO.png\" alt=\"\" \/>\n\n\n<\/div>\n<\/div><div class=\"wp-block-tandem-post-carousel__slide\">\n<div class=\"gb-element-dd71b7b3\">\t<img decoding=\"async\" src=\"https:\/\/arctecno.com\/wp-content\/uploads\/2025\/08\/Logo-Mirozdanie-ALC.png\" alt=\"\" \/>\n\n\n<\/div>\n<\/div><div class=\"wp-block-tandem-post-carousel__slide\">\n<div class=\"gb-element-dd71b7b3\">\t<img decoding=\"async\" src=\"https:\/\/arctecno.com\/wp-content\/uploads\/2025\/08\/Logo-Process-Pack-International.png\" alt=\"\" \/>\n\n\n<\/div>\n<\/div><div class=\"wp-block-tandem-post-carousel__slide\">\n<div class=\"gb-element-dd71b7b3\">\t<img decoding=\"async\" src=\"https:\/\/arctecno.com\/wp-content\/uploads\/2025\/04\/Logo-Alfa-Chilena-1.png\" alt=\"\" \/>\n\n\n<\/div>\n<\/div><div class=\"wp-block-tandem-post-carousel__slide\">\n<div class=\"gb-element-dd71b7b3\">\t<img decoding=\"async\" src=\"https:\/\/arctecno.com\/wp-content\/uploads\/2025\/04\/Kanematsu-KGK_B_A3_201303-2-scaled.jpg\" alt=\"\" \/>\n\n\n<\/div>\n<\/div><div class=\"wp-block-tandem-post-carousel__slide\">\n<div class=\"gb-element-dd71b7b3\">\t<img decoding=\"async\" src=\"https:\/\/arctecno.com\/wp-content\/uploads\/2025\/03\/precipak.png\" alt=\"\" \/>\n\n\n<\/div>\n<\/div><div class=\"wp-block-tandem-post-carousel__slide\">\n<div class=\"gb-element-dd71b7b3\">\t<img decoding=\"async\" src=\"https:\/\/arctecno.com\/wp-content\/uploads\/2022\/05\/icona_arc_tecno_vermella.svg\" alt=\"\" \/>\n\n\n\n<p class=\"gb-text gb-text-98235de3\">Srdjan Mamula<\/p>\n<\/div>\n<\/div><div class=\"wp-block-tandem-post-carousel__slide\">\n<div class=\"gb-element-dd71b7b3\">\t<img decoding=\"async\" src=\"https:\/\/arctecno.com\/wp-content\/uploads\/2025\/04\/FG_midt_morkgra-1.png\" alt=\"\" \/>\n\n\n<\/div>\n<\/div><div class=\"wp-block-tandem-post-carousel__slide\">\n<div class=\"gb-element-dd71b7b3\">\t<img decoding=\"async\" src=\"https:\/\/arctecno.com\/wp-content\/uploads\/2025\/04\/Process-Pack-Deutschland_CMYK_hochaufgeloest-scaled.jpg\" alt=\"\" \/>\n\n\n<\/div>\n<\/div><div class=\"wp-block-tandem-post-carousel__slide\">\n<div class=\"gb-element-dd71b7b3\">\t<img decoding=\"async\" src=\"https:\/\/arctecno.com\/wp-content\/uploads\/2022\/05\/icona_arc_tecno_vermella.svg\" alt=\"\" \/>\n\n\n\n<p class=\"gb-text gb-text-98235de3\">James Food Agency Srls<\/p>\n<\/div>\n<\/div><div class=\"wp-block-tandem-post-carousel__slide\">\n<div class=\"gb-element-dd71b7b3\">\t<img decoding=\"async\" src=\"https:\/\/arctecno.com\/wp-content\/uploads\/2025\/03\/GetImage-1.png\" alt=\"\" \/>\n\n\n<\/div>\n<\/div><div class=\"wp-block-tandem-post-carousel__slide\">\n<div class=\"gb-element-dd71b7b3\">\t<img decoding=\"async\" src=\"https:\/\/arctecno.com\/wp-content\/uploads\/2025\/03\/GetImage-2.png\" alt=\"\" \/>\n\n\n<\/div>\n<\/div><div class=\"wp-block-tandem-post-carousel__slide\">\n<div class=\"gb-element-dd71b7b3\">\t<img decoding=\"async\" src=\"https:\/\/arctecno.com\/wp-content\/uploads\/2025\/03\/TECNICAL-LOGO.png\" alt=\"\" \/>\n\n\n<\/div>\n<\/div><div class=\"wp-block-tandem-post-carousel__slide\">\n<div class=\"gb-element-dd71b7b3\">\t<img decoding=\"async\" src=\"https:\/\/arctecno.com\/wp-content\/uploads\/2025\/03\/GRUPALIA4PUNTO0-LOGO.png\" alt=\"\" \/>\n\n\n<\/div>\n<\/div><div class=\"wp-block-tandem-post-carousel__slide\">\n<div class=\"gb-element-dd71b7b3\">\t<img decoding=\"async\" src=\"https:\/\/arctecno.com\/wp-content\/uploads\/2021\/05\/logo-arctecno-200-67-1.jpg\" alt=\"\" \/>\n\n\n<\/div>\n<\/div><\/div>\n<\/div>\n<\/div>\n<\/div>\n\n<div class=\"gb-container gb-container-c5002a5e\">\n<div class=\"gb-container gb-container-8b15fd82\">\n<div class=\"gb-container gb-container-7c3d7860\">\n<div class=\"facetwp-facet facetwp-facet-mapa facetwp-type-leaflet\" data-name=\"mapa\" data-type=\"leaflet\"><\/div>\n\n<\/div>\n<\/div>\n\n<div class=\"gb-container gb-container-6b10b226 postals_comercials\">\n<div class=\"facetwp-template\" data-name=\"comercials\"><div class=\"fwpl-layout el-qrbisn\"><div class=\"fwpl-result r1\"><div class=\"fwpl-row el-mn377 comercial-203125\"><div class=\"fwpl-col fwpl-col el-bkj57a\"><div class=\"fwpl-item el-i94x uppercase\">Catalonia<\/div><div class=\"fwpl-item el-7cs4i\">ARCTECHNO<\/div><div class=\"fwpl-item el-jylde uppercase\">Joan Ramisa<\/div><div class=\"fwpl-item el-jhg6pw uppercase\">+34 972 28 06 50<\/div><div class=\"fwpl-item el-p3ay6r\">jramisa@arctecno.com<\/div><div class=\"fwpl-item el-3lp60h uppercase\">Avenida Alba Rosa, n\u00ba50 17800 \u2013 Olot, Catalonia, Spain<\/div><\/div><\/div><\/div><div class=\"fwpl-result r2\"><div class=\"fwpl-row el-mn377 comercial-203779\"><div class=\"fwpl-col fwpl-col el-bkj57a\"><div class=\"fwpl-item el-i94x uppercase\">Spain<\/div><div class=\"fwpl-item el-7cs4i\">GROUP 4.0<\/div><div class=\"fwpl-item el-jylde uppercase\">Carles Lape\u00f1a<\/div><div class=\"fwpl-item el-jhg6pw uppercase\">+ 34 972 83 19 19<\/div><div class=\"fwpl-item el-p3ay6r\">carles@grupaliapack.com<\/div><div class=\"fwpl-item el-3lp60h uppercase\">Calle Migjorn, n\u00b011 17240 \u2013 Llagostera, Catalonia, Spain<\/div><\/div><\/div><\/div><div class=\"fwpl-result r3\"><div class=\"fwpl-row el-mn377 comercial-203780\"><div class=\"fwpl-col fwpl-col el-bkj57a\"><div class=\"fwpl-item el-i94x uppercase\">Europe-International<\/div><div class=\"fwpl-item el-7cs4i\">ARCTECHNO \/ TECHNICAL<\/div><div class=\"fwpl-item el-jylde uppercase\">Peter Cullell<\/div><div class=\"fwpl-item el-jhg6pw uppercase\">+34 972 47 88 88 <\/div><div class=\"fwpl-item el-p3ay6r\">perecullell@tecnical.com<\/div><div class=\"fwpl-item el-3lp60h uppercase\">Pol. Ind. Les Ferreries, Cam\u00ed de Riudellots 1-3, 17459 - Campllong, Girona, Spain<\/div><\/div><\/div><\/div><div class=\"fwpl-result r4\"><div class=\"fwpl-row el-mn377 comercial-203781\"><div class=\"fwpl-col fwpl-col el-bkj57a\"><div class=\"fwpl-item el-i94x uppercase\">Portugal<\/div><div class=\"fwpl-item el-7cs4i\">VAESSEN SHOEMAKER<\/div><div class=\"fwpl-item el-jylde uppercase\">Joao Ribeiro<\/div><div class=\"fwpl-item el-jhg6pw uppercase\">+351 256 579 180<\/div><div class=\"fwpl-item el-p3ay6r\">j.ribeiro@vaessenschoemaker.com<\/div><div class=\"fwpl-item el-3lp60h uppercase\">Av. 16 MaioZona Industrial de Ovar Apartado 116 3880-102 Ovar Portugal<\/div><\/div><\/div><\/div><div class=\"fwpl-result r5\"><div class=\"fwpl-row el-mn377 comercial-203783\"><div class=\"fwpl-col fwpl-col el-bkj57a\"><div class=\"fwpl-item el-i94x uppercase\">France<\/div><div class=\"fwpl-item el-7cs4i\">FOOD TECHNOLOGY FRANCE<\/div><div class=\"fwpl-item el-jylde uppercase\">Alexander Black<\/div><div class=\"fwpl-item el-jhg6pw uppercase\">+33 (0)2 97 48 40 40<\/div><div class=\"fwpl-item el-p3ay6r\">alexandre@foodtechnologyfrance.com<\/div><div class=\"fwpl-item el-3lp60h uppercase\">PA de Kerbouland \u2013 3 Rue Ambroise Croizat F-56250 SAINT-NOLFF<\/div><\/div><\/div><\/div><div class=\"fwpl-result r6\"><div class=\"fwpl-row el-mn377 comercial-203784\"><div class=\"fwpl-col fwpl-col el-bkj57a\"><div class=\"fwpl-item el-i94x uppercase\">Italy<\/div><div class=\"fwpl-item el-7cs4i\">James Food Agency Srls<\/div><div class=\"fwpl-item el-jylde uppercase\">Francesco Cozzi<\/div><div class=\"fwpl-item el-jhg6pw uppercase\">Phone: +39 3495846229 <\/div><div class=\"fwpl-item el-p3ay6r\">info@jamesfoodagencysrls.it<\/div><div class=\"fwpl-item el-3lp60h uppercase\">Via Carlo Robbioni 2 21100 Varese <\/div><\/div><\/div><\/div><div class=\"fwpl-result r7\"><div class=\"fwpl-row el-mn377 comercial-204212\"><div class=\"fwpl-col fwpl-col el-bkj57a\"><div class=\"fwpl-item el-i94x uppercase\">Germany<\/div><div class=\"fwpl-item el-7cs4i\">Process-Pack Germany<\/div><div class=\"fwpl-item el-jylde uppercase\">Bodo Schulte<\/div><div class=\"fwpl-item el-jhg6pw uppercase\">T +49 (0) 151 168 61549<\/div><div class=\"fwpl-item el-p3ay6r\">bodo.schulte@process-pack.de<\/div><div class=\"fwpl-item el-3lp60h uppercase\">Rahmannstr. 3 D-65760 Eschborn<\/div><\/div><\/div><\/div><div class=\"fwpl-result r8\"><div class=\"fwpl-row el-mn377 comercial-204240\"><div class=\"fwpl-col fwpl-col el-bkj57a\"><div class=\"fwpl-item el-i94x uppercase\">Norway<\/div><div class=\"fwpl-item el-7cs4i\">Foodtech Industri AS<\/div><div class=\"fwpl-item el-jylde uppercase\">Alf Godal<\/div><div class=\"fwpl-item el-jhg6pw uppercase\">+ 47 22 08 70 70<\/div><div class=\"fwpl-item el-p3ay6r\">ag@foodtech.no<\/div><div class=\"fwpl-item el-3lp60h uppercase\">Sven Oftedalsvei, 0950 Oslo, Norway<\/div><\/div><\/div><\/div><div class=\"fwpl-result r9\"><div class=\"fwpl-row el-mn377 comercial-203815\"><div class=\"fwpl-col fwpl-col el-bkj57a\"><div class=\"fwpl-item el-i94x uppercase\">Balkans<\/div><div class=\"fwpl-item el-7cs4i\">SRDJAN MAMULA, Dipl.Ing.<\/div><div class=\"fwpl-item el-jylde uppercase\">Srdjan Mamula<\/div><div class=\"fwpl-item el-jhg6pw uppercase\">+381 63 77 62 590<\/div><div class=\"fwpl-item el-p3ay6r\">srdjan.mamula@yahoo.com<\/div><div class=\"fwpl-item el-3lp60h uppercase\">Podunavskog odreda 6, 21132 Petrovaradin Servia<\/div><\/div><\/div><\/div><div class=\"fwpl-result r10\"><div class=\"fwpl-row el-mn377 comercial-203812\"><div class=\"fwpl-col fwpl-col el-bkj57a\"><div class=\"fwpl-item el-i94x uppercase\">United States of America and Canada<\/div><div class=\"fwpl-item el-7cs4i\">PreciPak USA LLC<\/div><div class=\"fwpl-item el-jylde uppercase\">Ryan Bosse<\/div><div class=\"fwpl-item el-jhg6pw uppercase\">(847) 949-2800<\/div><div class=\"fwpl-item el-p3ay6r\">R.Bosse@polyclip.us<\/div><div class=\"fwpl-item el-3lp60h uppercase\">1000 Tower Road, Mundelein, IL 60060<\/div><\/div><\/div><\/div><div class=\"fwpl-result r11\"><div class=\"fwpl-row el-mn377 comercial-204220\"><div class=\"fwpl-col fwpl-col el-bkj57a\"><div class=\"fwpl-item el-i94x uppercase\">Japan<\/div><div class=\"fwpl-item el-7cs4i\">Kanematsu KGK Corp.<\/div><div class=\"fwpl-item el-jylde uppercase\">Yoshinori Hirasawa<\/div><div class=\"fwpl-item el-jhg6pw uppercase\">+81-3-5579-5872<\/div><div class=\"fwpl-item el-p3ay6r\">y-hirasawa@kgk-j.co.jp<\/div><div class=\"fwpl-item el-3lp60h uppercase\">15th fl.Museum Tower Kyobashi 7-2 Kyobashi 1-chome, Chuo-ku, Tokyo, Japan<\/div><\/div><\/div><\/div><div class=\"fwpl-result r12\"><div class=\"fwpl-row el-mn377 comercial-204235\"><div class=\"fwpl-col fwpl-col el-bkj57a\"><div class=\"fwpl-item el-i94x uppercase\">Chile<\/div><div class=\"fwpl-item el-7cs4i\">Alfa Group<\/div><div class=\"fwpl-item el-jylde uppercase\">Orlando Gonzalez<\/div><div class=\"fwpl-item el-jhg6pw uppercase\">(+56) 22 8899 000<\/div><div class=\"fwpl-item el-p3ay6r\">(+56) 22 8899 000<\/div><div class=\"fwpl-item el-3lp60h uppercase\">Las Am\u00e9ricas 700, Cerrillos, Santiago - Chile<\/div><\/div><\/div><\/div><div class=\"fwpl-result r13\"><div class=\"fwpl-row el-mn377 comercial-204838\"><div class=\"fwpl-col fwpl-col el-bkj57a\"><div class=\"fwpl-item el-i94x uppercase\">INTERNATIONAL<\/div><div class=\"fwpl-item el-7cs4i\">PROCESS-PACK INTERNATIONAL<\/div><div class=\"fwpl-item el-jylde uppercase is-empty\"><\/div><div class=\"fwpl-item el-jhg6pw uppercase\">+49 171 357 8076<\/div><div class=\"fwpl-item el-p3ay6r\">info@process-pack.com<\/div><div class=\"fwpl-item el-3lp60h uppercase\">Rahmannstr.3, 65760 Eschborn, Germany<\/div><\/div><\/div><\/div><div class=\"fwpl-result r14\"><div class=\"fwpl-row el-mn377 comercial-204840\"><div class=\"fwpl-col fwpl-col el-bkj57a\"><div class=\"fwpl-item el-i94x uppercase\">Belarus<\/div><div class=\"fwpl-item el-7cs4i\">ALC WORLD<\/div><div class=\"fwpl-item el-jylde uppercase\">Halavach Andrei<\/div><div class=\"fwpl-item el-jhg6pw uppercase\">+37 529 332 5250<\/div><div class=\"fwpl-item el-p3ay6r\">mzd.foodtech@gmail.com<\/div><div class=\"fwpl-item el-3lp60h uppercase\">66 Libknekhta st, Minsk, Belarus, 220036  <\/div><\/div><\/div><\/div><div class=\"fwpl-result r15\"><div class=\"fwpl-row el-mn377 comercial-204844\"><div class=\"fwpl-col fwpl-col el-bkj57a\"><div class=\"fwpl-item el-i94x uppercase\">Austria<\/div><div class=\"fwpl-item el-7cs4i\">TECH FORUM GmbH<\/div><div class=\"fwpl-item el-jylde uppercase\">ALEXANDER REISECKER<\/div><div class=\"fwpl-item el-jhg6pw uppercase\">+43 7586 \/ 60445-54<\/div><div class=\"fwpl-item el-p3ay6r\">contact@techforum.at <\/div><div class=\"fwpl-item el-3lp60h uppercase\">Wengstrasse 58 A \u2013 4643 Pettenbach<\/div><\/div><\/div><\/div><div class=\"fwpl-result r16\"><div class=\"fwpl-row el-mn377 comercial-204849\"><div class=\"fwpl-col fwpl-col el-bkj57a\"><div class=\"fwpl-item el-i94x uppercase\">Sweden<\/div><div class=\"fwpl-item el-7cs4i\">SVENSK CHARKSUPPORT AB<\/div><div class=\"fwpl-item el-jylde uppercase\">THOMAS HOLM<\/div><div class=\"fwpl-item el-jhg6pw uppercase\">+46 707-92 79 74<\/div><div class=\"fwpl-item el-p3ay6r\">thomas.holm@charksupporten.se<\/div><div class=\"fwpl-item el-3lp60h uppercase\">Ar\u00f6ds industriv\u00e4g 62 417 05 Gothenburg<\/div><\/div><\/div><\/div><div class=\"fwpl-result r17\"><div class=\"fwpl-row el-mn377 comercial-204851\"><div class=\"fwpl-col fwpl-col el-bkj57a\"><div class=\"fwpl-item el-i94x uppercase\">Hungary<\/div><div class=\"fwpl-item el-7cs4i\">PROJECT FOOD KFT.<\/div><div class=\"fwpl-item el-jylde uppercase\">Janos Zambo<\/div><div class=\"fwpl-item el-jhg6pw uppercase\">+36 30 400 2297<\/div><div class=\"fwpl-item el-p3ay6r\">zambo@projectfood.hu<\/div><div class=\"fwpl-item el-3lp60h uppercase\">1097 Budapest, Gubacsi ut 6.<\/div><\/div><\/div><\/div><div class=\"fwpl-result r18\"><div class=\"fwpl-row el-mn377 comercial-204853\"><div class=\"fwpl-col fwpl-col el-bkj57a\"><div class=\"fwpl-item el-i94x uppercase\">Belgium<\/div><div class=\"fwpl-item el-7cs4i\">SYSMATEC BV<\/div><div class=\"fwpl-item el-jylde uppercase\">BOB JANSEN<\/div><div class=\"fwpl-item el-jhg6pw uppercase\">+32 0473 33 35 07<\/div><div class=\"fwpl-item el-p3ay6r\">b.jansen@sysmatec.be<\/div><div class=\"fwpl-item el-3lp60h uppercase\">Visbeekstraat 11D 2300 Turnhout Belgium<\/div><\/div><\/div><\/div><div class=\"fwpl-result r19\"><div class=\"fwpl-row el-mn377 comercial-204855\"><div class=\"fwpl-col fwpl-col el-bkj57a\"><div class=\"fwpl-item el-i94x uppercase\">Czech Republic<\/div><div class=\"fwpl-item el-7cs4i\">Inopack Czech Republic SRO<\/div><div class=\"fwpl-item el-jylde uppercase is-empty\"><\/div><div class=\"fwpl-item el-jhg6pw uppercase\">+420 601 207 375<\/div><div class=\"fwpl-item el-p3ay6r\">contact@inopack.cz<\/div><div class=\"fwpl-item el-3lp60h uppercase\">Zelen\u00fd pruh 1560\/99, 140 00 Praha 4 CZ<\/div><\/div><\/div><\/div><div class=\"fwpl-result r20\"><div class=\"fwpl-row el-mn377 comercial-204857\"><div class=\"fwpl-col fwpl-col el-bkj57a\"><div class=\"fwpl-item el-i94x uppercase\">Holland<\/div><div class=\"fwpl-item el-7cs4i\">FOODLINE SYSTEM BV<\/div><div class=\"fwpl-item el-jylde uppercase is-empty\"><\/div><div class=\"fwpl-item el-jhg6pw uppercase\">+31 (0) 36-535 9420<\/div><div class=\"fwpl-item el-p3ay6r\">h.hatzmann@foodlinesystem.nl<\/div><div class=\"fwpl-item el-3lp60h uppercase\">Marconiweg 6 3899 BR Zeewolde Netherlands<\/div><\/div><\/div><\/div><div class=\"fwpl-result r21\"><div class=\"fwpl-row el-mn377 comercial-205088\"><div class=\"fwpl-col fwpl-col el-bkj57a\"><div class=\"fwpl-item el-i94x uppercase\">POLAND<\/div><div class=\"fwpl-item el-7cs4i\">PROMATEC SP<\/div><div class=\"fwpl-item el-jylde uppercase\">Grzegorz Jurkiewicz<\/div><div class=\"fwpl-item el-jhg6pw uppercase\">+48 510 220 042<\/div><div class=\"fwpl-item el-p3ay6r\">g.jurkiewicz@promatec.com.pl<\/div><div class=\"fwpl-item el-3lp60h uppercase\">CZERWIONKA- LESZCZYNY 44-238, Polna 1A<\/div><\/div><\/div><\/div><\/div>\n<style>\n.fwpl-layout, .fwpl-row {\n    display: grid;\n}\n.fwpl-layout.el-qrbisn {\n    grid-template-columns: repeat(1, 1fr);\n}\n.fwpl-btn {\n    text-decoration: none;\n}\n.fwpl-layout.el-qrbisn .fwpl-result {\n    border-style: solid;\n    border-color: #ff6060;\n    border-width: 0px 0px 0.5px 0px;\n    padding: px 0px;\n}\n.fwpl-row.el-mn377 {\n    grid-template-columns: 1fr;\n}\n.fwpl-item.el-i94x {\n    padding: 16px 16px 0px 16px;\n    font-weight: bold;\n}\n.fwpl-item.el-7cs4i {\n    padding: 0px 16px;\n}\n.fwpl-item.el-jylde {\n    padding: 0px 16px;\n}\n.fwpl-item.el-jhg6pw {\n    padding: 0px 16px;\n}\n.fwpl-item.el-p3ay6r {\n    padding: 0px 16px;\n}\n.fwpl-item.el-3lp60h {\n    padding: 0px 16px 16px 16px;\n}\n@media (max-width: 480px) { \n    body .facetwp-template .fwpl-layout,  \n    body .facetwp-template-static .fwpl-layout { grid-template-columns: 1fr; } \n} \n\n<\/style>\n<\/div>\n\n<\/div>\n<\/div>\n<\/div>\n\n\n<p><\/p>","protected":false},"excerpt":{"rendered":"<p>Xarxa comercial A Arctecno, treballem amb una xarxa global d\u2019agents comercials i distribu\u00efdors que comparteixen els nostres valors de qualitat, comprom\u00eds i servei al client. Gr\u00e0cies a ells, els nostres productes poden arribar a clients de tot el m\u00f3n.\u00bfQu\u00e8 hi trobar\u00e0s aqu\u00ed? Informaci\u00f3 de contacte directe, regions o pa\u00efsos coberts, idiomes disponibles y distribu\u00efdors o &#8230; <a title=\"Commercial network\" class=\"read-more\" href=\"https:\/\/arctecno.com\/en\/commercial-network\/\" aria-label=\"Read more about Xarxa comercial\">Read more<\/a><\/p>","protected":false},"author":1,"featured_media":0,"parent":0,"menu_order":0,"comment_status":"closed","ping_status":"closed","template":"","meta":{"_acf_changed":false,"inline_featured_image":false,"footnotes":""},"class_list":["post-203769","page","type-page","status-publish"],"acf":[],"_links":{"self":[{"href":"https:\/\/arctecno.com\/en\/wp-json\/wp\/v2\/pages\/203769","targetHints":{"allow":["GET"]}}],"collection":[{"href":"https:\/\/arctecno.com\/en\/wp-json\/wp\/v2\/pages"}],"about":[{"href":"https:\/\/arctecno.com\/en\/wp-json\/wp\/v2\/types\/page"}],"author":[{"embeddable":true,"href":"https:\/\/arctecno.com\/en\/wp-json\/wp\/v2\/users\/1"}],"replies":[{"embeddable":true,"href":"https:\/\/arctecno.com\/en\/wp-json\/wp\/v2\/comments?post=203769"}],"version-history":[{"count":93,"href":"https:\/\/arctecno.com\/en\/wp-json\/wp\/v2\/pages\/203769\/revisions"}],"predecessor-version":[{"id":204802,"href":"https:\/\/arctecno.com\/en\/wp-json\/wp\/v2\/pages\/203769\/revisions\/204802"}],"wp:attachment":[{"href":"https:\/\/arctecno.com\/en\/wp-json\/wp\/v2\/media?parent=203769"}],"curies":[{"name":"wp","href":"https:\/\/api.w.org\/{rel}","templated":true}]}}